{"id":238,"date":"2021-11-08T11:09:05","date_gmt":"2021-11-08T10:09:05","guid":{"rendered":"https:\/\/lumericon.de\/?page_id=238"},"modified":"2021-11-11T09:15:59","modified_gmt":"2021-11-11T08:15:59","slug":"imprint","status":"publish","type":"page","link":"https:\/\/lumericon.de\/en\/imprint\/","title":{"rendered":"Imprint"},"content":{"rendered":"\n<p><strong>LUMERICON GmbH <\/strong><br>Email:\u00a0\u00a0\u00a0 <a href=\"mailto:info@lumericon.de\">info@lumericon.de<\/a><br>Handelsregister M\u00fcnchen HRB 92042<br>Gesch\u00e4ftsf\u00fchrung:\u00a0 Lucas\u00a0 A. Menke<\/p>\n\n\n\n<h3 class=\"wp-block-heading\">Copyright<\/h3>\n\n\n\n<p>All rights reserved. Layout, texts, image, illustrations, graphics, as well as downloadable documents are subject to copyright protection.<\/p>\n\n\n\n<h3 class=\"wp-block-heading\" id=\"mce_19\">Liability note<\/h3>\n\n\n\n<p>All texts and links have been carefully checked and constantly updated. However, we do not assume any responsibility, guarantees or liability for the information provided on this website to be accurate, complete or updated.<\/p>\n","protected":false},"excerpt":{"rendered":"<p>LUMERICON GmbH Email:\u00a0\u00a0\u00a0 info@lumericon.deHandelsregister M\u00fcnchen HRB 92042Gesch\u00e4ftsf\u00fchrung:\u00a0 Lucas\u00a0 A. Menke Copyright All rights reserved. Layout, texts, image, illustrations, graphics, as well as downloadable documents are subject to copyright protection. Liability note All texts and links have been carefully checked and constantly updated. However, we do not assume any responsibility, guarantees or liability for the information [&hellip;]<\/p>\n","protected":false},"author":1,"featured_media":0,"parent":0,"menu_order":0,"comment_status":"closed","ping_status":"closed","template":"","meta":{"_genesis_hide_title":false,"_genesis_hide_breadcrumbs":false,"_genesis_hide_singular_image":false,"_genesis_hide_footer_widgets":false,"_genesis_custom_body_class":"","_genesis_custom_post_class":"","_genesis_layout":"","footnotes":""},"class_list":{"0":"post-238","1":"page","2":"type-page","3":"status-publish","5":"entry"},"_links":{"self":[{"href":"https:\/\/lumericon.de\/en\/wp-json\/wp\/v2\/pages\/238","targetHints":{"allow":["GET"]}}],"collection":[{"href":"https:\/\/lumericon.de\/en\/wp-json\/wp\/v2\/pages"}],"about":[{"href":"https:\/\/lumericon.de\/en\/wp-json\/wp\/v2\/types\/page"}],"author":[{"embeddable":true,"href":"https:\/\/lumericon.de\/en\/wp-json\/wp\/v2\/users\/1"}],"replies":[{"embeddable":true,"href":"https:\/\/lumericon.de\/en\/wp-json\/wp\/v2\/comments?post=238"}],"version-history":[{"count":0,"href":"https:\/\/lumericon.de\/en\/wp-json\/wp\/v2\/pages\/238\/revisions"}],"wp:attachment":[{"href":"https:\/\/lumericon.de\/en\/wp-json\/wp\/v2\/media?parent=238"}],"curies":[{"name":"wp","href":"https:\/\/api.w.org\/{rel}","templated":true}]}}